{"id":1482,"date":"2022-01-25T12:39:58","date_gmt":"2022-01-25T12:39:58","guid":{"rendered":"https:\/\/alterus.org\/ialterus\/"},"modified":"2022-02-10T07:32:52","modified_gmt":"2022-02-10T07:32:52","slug":"ialterus","status":"publish","type":"page","link":"https:\/\/alterus.org\/sl\/ialterus\/","title":{"rendered":"iALTERUS"},"content":{"rendered":"<p><div class=\"fusion-fullwidth fullwidth-box fusion-builder-row-1 fusion-flex-container nonhundred-percent-fullwidth non-hundred-percent-height-scrolling\" style=\"--awb-border-radius-top-left:0px;--awb-border-radius-top-right:0px;--awb-border-radius-bottom-right:0px;--awb-border-radius-bottom-left:0px;--awb-flex-wrap:wrap;\" ><div class=\"fusion-builder-row fusion-row fusion-flex-align-items-flex-start fusion-flex-content-wrap\" style=\"max-width:1216.8px;margin-left: calc(-4% \/ 2 );margin-right: calc(-4% \/ 2 );\"><div class=\"fusion-layout-column fusion_builder_column fusion-builder-column-0 fusion_builder_column_1_1 1_1 fusion-flex-column\" style=\"--awb-bg-size:cover;--awb-width-large:100%;--awb-margin-top-large:15px;--awb-spacing-right-large:1.92%;--awb-margin-bottom-large:15px;--awb-spacing-left-large:1.92%;--awb-width-medium:100%;--awb-order-medium:0;--awb-spacing-right-medium:1.92%;--awb-spacing-left-medium:1.92%;--awb-width-small:100%;--awb-order-small:0;--awb-spacing-right-small:1.92%;--awb-spacing-left-small:1.92%;\"><div class=\"fusion-column-wrapper fusion-column-has-shadow fusion-flex-justify-content-flex-start fusion-content-layout-column\"><div class=\"fusion-title title fusion-title-1 fusion-sep-none fusion-title-center fusion-title-text fusion-title-size-one\"><h1 class=\"fusion-title-heading title-heading-center fusion-responsive-typography-calculated\" style=\"margin:0;--fontSize:56;line-height:1.16;\">iALTERUS<\/h1><\/div><div class=\"fusion-separator\" style=\"align-self: center;margin-left: auto;margin-right: auto;margin-top:15px;margin-bottom:25px;width:100%;max-width:100px;\"><div class=\"fusion-separator-border sep-single sep-solid\" style=\"--awb-height:20px;--awb-amount:20px;--awb-sep-color:var(--awb-color4);border-color:var(--awb-color4);border-top-width:2px;\"><\/div><\/div><\/div><\/div><\/div><\/div>\n<div class=\"fusion-fullwidth fullwidth-box fusion-builder-row-2 fusion-flex-container nonhundred-percent-fullwidth non-hundred-percent-height-scrolling\" style=\"--awb-border-radius-top-left:0px;--awb-border-radius-top-right:0px;--awb-border-radius-bottom-right:0px;--awb-border-radius-bottom-left:0px;--awb-padding-bottom:100px;--awb-flex-wrap:wrap;\" ><div class=\"fusion-builder-row fusion-row fusion-flex-align-items-flex-start fusion-flex-content-wrap\" style=\"max-width:1216.8px;margin-left: calc(-4% \/ 2 );margin-right: calc(-4% \/ 2 );\"><div class=\"fusion-layout-column fusion_builder_column fusion-builder-column-1 fusion_builder_column_1_1 1_1 fusion-flex-column\" style=\"--awb-bg-size:cover;--awb-width-large:100%;--awb-margin-top-large:15px;--awb-spacing-right-large:1.92%;--awb-margin-bottom-large:15px;--awb-spacing-left-large:1.92%;--awb-width-medium:100%;--awb-order-medium:0;--awb-spacing-right-medium:1.92%;--awb-spacing-left-medium:1.92%;--awb-width-small:100%;--awb-order-small:0;--awb-spacing-right-small:1.92%;--awb-spacing-left-small:1.92%;\"><div class=\"fusion-column-wrapper fusion-column-has-shadow fusion-flex-justify-content-flex-start fusion-content-layout-column\"><div class=\"fusion-title title fusion-title-2 fusion-sep-none fusion-title-center fusion-title-text fusion-title-size-three\"><h3 class=\"fusion-title-heading title-heading-center fusion-responsive-typography-calculated\" style=\"margin:0;--fontSize:32;--minFontSize:32;line-height:1.25;\"><strong>spletni grafi\u010dni urejevalnik kombinacij<\/strong><\/h3><\/div><div class=\"fusion-text fusion-text-1\" style=\"--awb-content-alignment:center;\"><p>iALTERUS je spletno orodje, namenjeno urejanju kombinacij in bank na USB-medijih, ki se uporabljajo v ALTERUS sistemu. Na tak na\u010din lahko uporabnik pripravi in ureja datoteke doma in vnaprej.<\/p>\n<p>Na ALTERUS-ovem podatkovnem mediju je 99 bank in vsaka banka vsebuje 999 kombinacij. Dodatno ima lahko vsaka kombinacija \u0161e do pet insert kombinacij A-F, ki jih lahko dodamo tako na orglah kot v programu. Tako ne vplivamo na vrstni red kombinacij.<\/p>\n<p>S kljukanjem polj po posameznih kombinacijah enostavno omogo\u010dimo ali onemogo\u010dimo posamezni register. Lahko tudi kopiramo in lepimo posamezne kombinacije ali pa ve\u010d kombinacij znotraj ene banke in tudi navzkri\u017eno med bankami.<\/p>\n<p>Ko kon\u010damo z urejanjem, se celotna vsebina prenese na ra\u010dunalnik kot ZIP-datoteka, ki jo nato skopiramo na ALTERUS USB klju\u010dek. Na ta na\u010din je zagotovljena tudi kontrola nad morebitnimi spremembami, saj lahko na ra\u010dunalniku shranjujemo tudi vmesne verzije.<\/p>\n<\/div><div class=\"fusion-separator fusion-full-width-sep\" style=\"align-self: center;margin-left: auto;margin-right: auto;margin-top:25px;width:100%;\"><\/div><div style=\"text-align:center;\"><a class=\"fusion-button button-flat fusion-button-default-size button-default fusion-button-default button-1 fusion-button-default-span fusion-button-default-type\" target=\"_blank\" rel=\"noopener noreferrer\" href=\"https:\/\/alterus.org\/wp-content\/uploads\/2022\/02\/iAlterus-User-Manual-v.1.0-EN.pdf\"><i class=\"fa-book-open fas awb-button__icon awb-button__icon--default button-icon-left\" aria-hidden=\"true\"><\/i><span class=\"fusion-button-text awb-button__text awb-button__text--default\">iALTERUS navodila<\/span><\/a><\/div><div class=\"fusion-separator fusion-full-width-sep\" style=\"align-self: center;margin-left: auto;margin-right: auto;margin-top:25px;width:100%;\"><\/div><div style=\"text-align:center;\"><a class=\"fusion-button button-flat fusion-button-default-size button-custom fusion-button-default button-2 fusion-button-default-span fusion-button-default-type\" style=\"--button_accent_color:#ffffff;--button_accent_hover_color:#ffffff;--button_border_hover_color:#ffffff;--button_gradient_top_color:var(--awb-color4);--button_gradient_bottom_color:var(--awb-color4);--button_gradient_top_color_hover:var(--awb-color8);--button_gradient_bottom_color_hover:var(--awb-color8);\" target=\"_blank\" rel=\"noopener noreferrer\" href=\"http:\/\/ialterus.alterus.org\"><i class=\"fa-laptop-house fas awb-button__icon awb-button__icon--default button-icon-left\" aria-hidden=\"true\"><\/i><span class=\"fusion-button-text awb-button__text awb-button__text--default\">Za\u017eeni iALTERUS<\/span><\/a><\/div><div class=\"fusion-separator fusion-full-width-sep\" style=\"align-self: center;margin-left: auto;margin-right: auto;margin-top:50px;width:100%;\"><\/div><div class=\"fusion-image-element \" style=\"text-align:center;--awb-caption-title-font-family:var(--h2_typography-font-family);--awb-caption-title-font-weight:var(--h2_typography-font-weight);--awb-caption-title-font-style:var(--h2_typography-font-style);--awb-caption-title-size:var(--h2_typography-font-size);--awb-caption-title-transform:var(--h2_typography-text-transform);--awb-caption-title-line-height:var(--h2_typography-line-height);--awb-caption-title-letter-spacing:var(--h2_typography-letter-spacing);\"><span class=\" fusion-imageframe imageframe-none imageframe-1 hover-type-none\" style=\"border:5px solid #dbe2ea;\"><img decoding=\"async\" width=\"1024\" height=\"716\" title=\"ialterus\" src=\"https:\/\/alterus.org\/wp-content\/uploads\/2022\/02\/ialterus.jpg\" data-orig-src=\"https:\/\/alterus.org\/wp-content\/uploads\/2022\/02\/ialterus-1024x716.jpg\" alt class=\"lazyload img-responsive wp-image-1868\" srcset=\"data:image\/svg+xml,%3Csvg%20xmlns%3D%27http%3A%2F%2Fwww.w3.org%2F2000%2Fsvg%27%20width%3D%271920%27%20height%3D%271342%27%20viewBox%3D%270%200%201920%201342%27%3E%3Crect%20width%3D%271920%27%20height%3D%271342%27%20fill-opacity%3D%220%22%2F%3E%3C%2Fsvg%3E\" data-srcset=\"https:\/\/alterus.org\/wp-content\/uploads\/2022\/02\/ialterus-200x140.jpg 200w, https:\/\/alterus.org\/wp-content\/uploads\/2022\/02\/ialterus-400x280.jpg 400w, https:\/\/alterus.org\/wp-content\/uploads\/2022\/02\/ialterus-600x419.jpg 600w, https:\/\/alterus.org\/wp-content\/uploads\/2022\/02\/ialterus-800x559.jpg 800w, https:\/\/alterus.org\/wp-content\/uploads\/2022\/02\/ialterus-1200x839.jpg 1200w, https:\/\/alterus.org\/wp-content\/uploads\/2022\/02\/ialterus.jpg 1920w\" data-sizes=\"auto\" data-orig-sizes=\"(max-width: 1024px) 100vw, (max-width: 640px) 100vw, 1200px\" \/><\/span><\/div><\/div><\/div><\/div><\/div><\/p>\n","protected":false},"excerpt":{"rendered":"","protected":false},"author":2,"featured_media":0,"parent":0,"menu_order":0,"comment_status":"closed","ping_status":"closed","template":"100-width.php","meta":{"footnotes":""},"class_list":["post-1482","page","type-page","status-publish","hentry"],"yoast_head":"<!-- This site is optimized with the Yoast SEO plugin v24.3 - https:\/\/yoast.com\/wordpress\/plugins\/seo\/ -->\n<title>iALTERUS - Alterus<\/title>\n<meta name=\"robots\" content=\"index, follow, max-snippet:-1, max-image-preview:large, max-video-preview:-1\" \/>\n<link rel=\"canonical\" href=\"https:\/\/alterus.org\/sl\/ialterus\/\" \/>\n<meta property=\"og:locale\" content=\"sl_SI\" \/>\n<meta property=\"og:type\" content=\"article\" \/>\n<meta property=\"og:title\" content=\"iALTERUS - Alterus\" \/>\n<meta property=\"og:url\" content=\"https:\/\/alterus.org\/sl\/ialterus\/\" \/>\n<meta property=\"og:site_name\" content=\"Alterus\" \/>\n<meta property=\"article:modified_time\" content=\"2022-02-10T07:32:52+00:00\" \/>\n<meta name=\"twitter:card\" content=\"summary_large_image\" \/>\n<meta name=\"twitter:label1\" content=\"Est. reading time\" \/>\n\t<meta name=\"twitter:data1\" content=\"4 minute\" \/>\n<script type=\"application\/ld+json\" class=\"yoast-schema-graph\">{\"@context\":\"https:\/\/schema.org\",\"@graph\":[{\"@type\":\"WebPage\",\"@id\":\"https:\/\/alterus.org\/sl\/ialterus\/\",\"url\":\"https:\/\/alterus.org\/sl\/ialterus\/\",\"name\":\"iALTERUS - Alterus\",\"isPartOf\":{\"@id\":\"https:\/\/alterus.org\/sl\/#website\"},\"datePublished\":\"2022-01-25T12:39:58+00:00\",\"dateModified\":\"2022-02-10T07:32:52+00:00\",\"breadcrumb\":{\"@id\":\"https:\/\/alterus.org\/sl\/ialterus\/#breadcrumb\"},\"inLanguage\":\"sl-SI\",\"potentialAction\":[{\"@type\":\"ReadAction\",\"target\":[\"https:\/\/alterus.org\/sl\/ialterus\/\"]}]},{\"@type\":\"BreadcrumbList\",\"@id\":\"https:\/\/alterus.org\/sl\/ialterus\/#breadcrumb\",\"itemListElement\":[{\"@type\":\"ListItem\",\"position\":1,\"name\":\"Home\",\"item\":\"https:\/\/alterus.org\/sl\/\"},{\"@type\":\"ListItem\",\"position\":2,\"name\":\"iALTERUS\"}]},{\"@type\":\"WebSite\",\"@id\":\"https:\/\/alterus.org\/sl\/#website\",\"url\":\"https:\/\/alterus.org\/sl\/\",\"name\":\"Alterus\",\"description\":\"Napreden orgelski krmilnik\",\"publisher\":{\"@id\":\"https:\/\/alterus.org\/sl\/#organization\"},\"potentialAction\":[{\"@type\":\"SearchAction\",\"target\":{\"@type\":\"EntryPoint\",\"urlTemplate\":\"https:\/\/alterus.org\/sl\/?s={search_term_string}\"},\"query-input\":{\"@type\":\"PropertyValueSpecification\",\"valueRequired\":true,\"valueName\":\"search_term_string\"}}],\"inLanguage\":\"sl-SI\"},{\"@type\":\"Organization\",\"@id\":\"https:\/\/alterus.org\/sl\/#organization\",\"name\":\"Iksor d.o.o.\",\"url\":\"https:\/\/alterus.org\/sl\/\",\"logo\":{\"@type\":\"ImageObject\",\"inLanguage\":\"sl-SI\",\"@id\":\"https:\/\/alterus.org\/sl\/#\/schema\/logo\/image\/\",\"url\":\"https:\/\/alterus.org\/wp-content\/uploads\/2022\/04\/iksor-Logo-c-400x95-1.png\",\"contentUrl\":\"https:\/\/alterus.org\/wp-content\/uploads\/2022\/04\/iksor-Logo-c-400x95-1.png\",\"width\":400,\"height\":95,\"caption\":\"Iksor d.o.o.\"},\"image\":{\"@id\":\"https:\/\/alterus.org\/sl\/#\/schema\/logo\/image\/\"}}]}<\/script>\n<!-- \/ Yoast SEO plugin. -->","yoast_head_json":{"title":"iALTERUS - Alterus","robots":{"index":"index","follow":"follow","max-snippet":"max-snippet:-1","max-image-preview":"max-image-preview:large","max-video-preview":"max-video-preview:-1"},"canonical":"https:\/\/alterus.org\/sl\/ialterus\/","og_locale":"sl_SI","og_type":"article","og_title":"iALTERUS - Alterus","og_url":"https:\/\/alterus.org\/sl\/ialterus\/","og_site_name":"Alterus","article_modified_time":"2022-02-10T07:32:52+00:00","twitter_card":"summary_large_image","twitter_misc":{"Est. reading time":"4 minute"},"schema":{"@context":"https:\/\/schema.org","@graph":[{"@type":"WebPage","@id":"https:\/\/alterus.org\/sl\/ialterus\/","url":"https:\/\/alterus.org\/sl\/ialterus\/","name":"iALTERUS - Alterus","isPartOf":{"@id":"https:\/\/alterus.org\/sl\/#website"},"datePublished":"2022-01-25T12:39:58+00:00","dateModified":"2022-02-10T07:32:52+00:00","breadcrumb":{"@id":"https:\/\/alterus.org\/sl\/ialterus\/#breadcrumb"},"inLanguage":"sl-SI","potentialAction":[{"@type":"ReadAction","target":["https:\/\/alterus.org\/sl\/ialterus\/"]}]},{"@type":"BreadcrumbList","@id":"https:\/\/alterus.org\/sl\/ialterus\/#breadcrumb","itemListElement":[{"@type":"ListItem","position":1,"name":"Home","item":"https:\/\/alterus.org\/sl\/"},{"@type":"ListItem","position":2,"name":"iALTERUS"}]},{"@type":"WebSite","@id":"https:\/\/alterus.org\/sl\/#website","url":"https:\/\/alterus.org\/sl\/","name":"Alterus","description":"Napreden orgelski krmilnik","publisher":{"@id":"https:\/\/alterus.org\/sl\/#organization"},"potentialAction":[{"@type":"SearchAction","target":{"@type":"EntryPoint","urlTemplate":"https:\/\/alterus.org\/sl\/?s={search_term_string}"},"query-input":{"@type":"PropertyValueSpecification","valueRequired":true,"valueName":"search_term_string"}}],"inLanguage":"sl-SI"},{"@type":"Organization","@id":"https:\/\/alterus.org\/sl\/#organization","name":"Iksor d.o.o.","url":"https:\/\/alterus.org\/sl\/","logo":{"@type":"ImageObject","inLanguage":"sl-SI","@id":"https:\/\/alterus.org\/sl\/#\/schema\/logo\/image\/","url":"https:\/\/alterus.org\/wp-content\/uploads\/2022\/04\/iksor-Logo-c-400x95-1.png","contentUrl":"https:\/\/alterus.org\/wp-content\/uploads\/2022\/04\/iksor-Logo-c-400x95-1.png","width":400,"height":95,"caption":"Iksor d.o.o."},"image":{"@id":"https:\/\/alterus.org\/sl\/#\/schema\/logo\/image\/"}}]}},"_links":{"self":[{"href":"https:\/\/alterus.org\/sl\/wp-json\/wp\/v2\/pages\/1482","targetHints":{"allow":["GET"]}}],"collection":[{"href":"https:\/\/alterus.org\/sl\/wp-json\/wp\/v2\/pages"}],"about":[{"href":"https:\/\/alterus.org\/sl\/wp-json\/wp\/v2\/types\/page"}],"author":[{"embeddable":true,"href":"https:\/\/alterus.org\/sl\/wp-json\/wp\/v2\/users\/2"}],"replies":[{"embeddable":true,"href":"https:\/\/alterus.org\/sl\/wp-json\/wp\/v2\/comments?post=1482"}],"version-history":[{"count":7,"href":"https:\/\/alterus.org\/sl\/wp-json\/wp\/v2\/pages\/1482\/revisions"}],"predecessor-version":[{"id":1902,"href":"https:\/\/alterus.org\/sl\/wp-json\/wp\/v2\/pages\/1482\/revisions\/1902"}],"wp:attachment":[{"href":"https:\/\/alterus.org\/sl\/wp-json\/wp\/v2\/media?parent=1482"}],"curies":[{"name":"wp","href":"https:\/\/api.w.org\/{rel}","templated":true}]}}