{"id":1765,"date":"2022-01-31T11:05:10","date_gmt":"2022-01-31T11:05:10","guid":{"rendered":"https:\/\/alterus.org\/?page_id=1765"},"modified":"2022-01-31T11:44:43","modified_gmt":"2022-01-31T11:44:43","slug":"politika-zasebnosti","status":"publish","type":"page","link":"https:\/\/alterus.org\/sl\/politika-zasebnosti\/","title":{"rendered":"Politika zasebnosti"},"content":{"rendered":"<div class=\"fusion-fullwidth fullwidth-box fusion-builder-row-1 fusion-flex-container nonhundred-percent-fullwidth non-hundred-percent-height-scrolling\" style=\"--awb-border-radius-top-left:0px;--awb-border-radius-top-right:0px;--awb-border-radius-bottom-right:0px;--awb-border-radius-bottom-left:0px;--awb-flex-wrap:wrap;\" ><div class=\"fusion-builder-row fusion-row fusion-flex-align-items-flex-start fusion-flex-content-wrap\" style=\"max-width:1216.8px;margin-left: calc(-4% \/ 2 );margin-right: calc(-4% \/ 2 );\"><div class=\"fusion-layout-column fusion_builder_column fusion-builder-column-0 fusion_builder_column_1_1 1_1 fusion-flex-column\" style=\"--awb-bg-size:cover;--awb-width-large:100%;--awb-margin-top-large:0px;--awb-spacing-right-large:1.92%;--awb-margin-bottom-large:0px;--awb-spacing-left-large:1.92%;--awb-width-medium:100%;--awb-spacing-right-medium:1.92%;--awb-spacing-left-medium:1.92%;--awb-width-small:100%;--awb-spacing-right-small:1.92%;--awb-spacing-left-small:1.92%;\"><div class=\"fusion-column-wrapper fusion-flex-justify-content-flex-start fusion-content-layout-column\"><div class=\"fusion-text fusion-text-1\" style=\"--awb-text-transform:none;\"><h2>Kdo smo<\/h2>\n<p><strong>Iksor d.o.o.<br \/>\n<\/strong><i>Elektronski in\u017eeniring<\/i><\/p>\n<p>\u0160pruha 33<br \/>\n1236 Trzin<br \/>\nSlovenia, EU<\/p>\n<p>Na\u0161a spletna stran: <a href=\"https:\/\/alterus.org\/sl\/\">https:\/\/alterus.org<\/a><\/p>\n<p>Osebni podatki na\u0161ih uporabnikov so eno izmed podro\u010dij, kateremu posve\u010damo izredno skrb in pozornost. Poskrbimo, da so vse zahteve ne samo dose\u017eene, ampak jih, \u010de se le da, prese\u017eemo, saj se zavedamo ob\u010dutljive narave tega podro\u010dja.<br \/>\nUpravitelj spletne trgovine\u00a0URL + naziv podjetja je v skladu z\u00a0veljavno zakonodajo zavezan k varovanju osebnih podatkov svojih uporabnikov.<\/p>\n<p>Za potrebe poslovanja\u00a0na spletni strani\u00a0zbiramo naslednje uporabnikove podatke:<\/p>\n<ul>\n<li>ime in priimek,<\/li>\n<li>naslov in kraj bivanja,<\/li>\n<li>naslov elektronske po\u0161te,<\/li>\n<li>kontaktno telefonsko \u0161tevilko,<\/li>\n<li>geslo v \u0161ifrirani obliki,<\/li>\n<li>ter ostale podatke, ki jih uporabniki vnesete v obrazce na spletni strani.<\/li>\n<\/ul>\n<p>Za to\u010dnost podatkov, ki jih vnesete uporabniki, ne odgovarjamo.<\/p>\n<h3>Kaj so pi\u0161kotki in zakaj jih spletna stran potrebuje<\/h3>\n<p>Pi\u0161kotek je majhna tekstovna datoteka, ki se prenese na ra\u010dunalnik uporabnika ob njegovem obisku spletne strani in obi\u010dajno vsebuje:<\/p>\n<ul>\n<li>Ime stre\u017enika, s katerega je bil poslan pi\u0161kotek<\/li>\n<li>\u017divljenjsko dobo pi\u0161kotka<\/li>\n<li>Vrednost \u2013 navadno naklju\u010dno generirano edinstveno \u0161tevilo<\/li>\n<\/ul>\n<p>Sam pi\u0161kotek ne vsebuje ali zbira informacij. \u010ce pa ga prebere stre\u017enik skupaj s spletnim brskalnikom, je to lahko spletnemu mestu v pomo\u010d pri izvajanju uporabniku prijaznej\u0161ih storitev \u2013 na primer tako, da se spomni prej\u0161njih nakupov ali podatkov o uporabnikovem ra\u010dunu. Samo stre\u017enik, ki je poslal pi\u0161kotek, lahko prebere in uporablja ta pi\u0161kotek. Na spletnem mestu, vrednem zaupanja, lahko tako pi\u0161kotki obogatijo izku\u0161njo. Pi\u0161kotki so lahko shranjeni razli\u010dno dolgo, le za trajanje seje brskanja ali pa veliko dlje.<\/p>\n<h3>Katere pi\u0161kotke uporabljamo na strani in zakaj<\/h3>\n<p>Na spletni strani\u00a0 uporabljamo izklju\u010dno pi\u0161kotke, ki so nujno potrebni za delovanje te spletne strani. Za bele\u017eenje statistike obiskanosti strani, uporabljamo Google Analytics. Z nadaljnjo uporabo te spletne strani se strinjate z rabo v nadaljevanju opisanih pi\u0161kotkov.<\/p>\n<h3>Seznam pi\u0161kotkov, ki jih uporabljamo<\/h3>\n<\/div><div class=\"fusion-separator fusion-full-width-sep\" style=\"align-self: center;margin-left: auto;margin-right: auto;margin-top:30px;width:100%;\"><\/div>\n<div class=\"table-2\">\n<table width=\"100%\">\n<thead>\n<tr>\n<th align=\"left\">Pi\u0161kotek<\/th>\n<th align=\"left\">Trajanje<\/th>\n<\/tr>\n<\/thead>\n<tbody>\n<tr>\n<td align=\"left\">woocommerce_items_in_cart<\/td>\n<td align=\"left\">Seja<\/td>\n<\/tr>\n<tr>\n<td align=\"left\">wp-wpml_current_language<\/td>\n<td align=\"left\">1 dan<\/td>\n<\/tr>\n<tr>\n<td align=\"left\">wp_woocommerce_session<\/td>\n<td align=\"left\">2 dni<\/td>\n<\/tr>\n<tr>\n<td align=\"left\">_ga<\/td>\n<td align=\"left\">3 leta<\/td>\n<\/tr>\n<\/tbody>\n<\/table>\n<\/div>\n<div class=\"fusion-separator fusion-full-width-sep\" style=\"align-self: center;margin-left: auto;margin-right: auto;margin-top:30px;width:100%;\"><\/div><div class=\"fusion-privacy-element fusion-privacy-element-1\"><div class=\"fusion-privacy-form-intro\"><h3>Nastavitve pi\u0161kotkov<\/h3>\n<\/div><form id=\"fusion-privacy-form-1\" method=\"post\" class=\"fusion-privacy-form fusion-privacy-form-floated\"><ul><li><label for=\"youtube\"><input name=\"consents[]\" type=\"checkbox\" value=\"youtube\"  id=\"youtube\">YouTube<\/label><\/li><li><label for=\"tracking\"><input name=\"consents[]\" type=\"checkbox\" value=\"tracking\"  id=\"tracking\">Sledilni pi\u0161kotki<\/label><\/li><\/ul><input type=\"hidden\" name=\"_wp_http_referer\" value=\"\/sl\/wp-json\/wp\/v2\/pages\/1765\" \/><input type=\"hidden\" name=\"privacyformid\" value=\"1\"><input type=\"hidden\" name=\"consents[]\" value=\"consent\"><input class=\"fusion-button fusion-button-default fusion-button-default-size\" type=\"submit\" value=\"Update\" ><\/form><\/div><\/div><\/div><\/div><\/div>\n","protected":false},"excerpt":{"rendered":"","protected":false},"author":2,"featured_media":0,"parent":0,"menu_order":0,"comment_status":"closed","ping_status":"open","template":"","meta":{"footnotes":""},"class_list":["post-1765","page","type-page","status-publish","hentry"],"yoast_head":"<!-- This site is optimized with the Yoast SEO plugin v24.3 - https:\/\/yoast.com\/wordpress\/plugins\/seo\/ -->\n<title>Politika zasebnosti - Alterus<\/title>\n<meta name=\"robots\" content=\"index, follow, max-snippet:-1, max-image-preview:large, max-video-preview:-1\" \/>\n<link rel=\"canonical\" href=\"https:\/\/alterus.org\/sl\/politika-zasebnosti\/\" \/>\n<meta property=\"og:locale\" content=\"sl_SI\" \/>\n<meta property=\"og:type\" content=\"article\" \/>\n<meta property=\"og:title\" content=\"Politika zasebnosti - Alterus\" \/>\n<meta property=\"og:url\" content=\"https:\/\/alterus.org\/sl\/politika-zasebnosti\/\" \/>\n<meta property=\"og:site_name\" content=\"Alterus\" \/>\n<meta property=\"article:modified_time\" content=\"2022-01-31T11:44:43+00:00\" \/>\n<meta name=\"twitter:card\" content=\"summary_large_image\" \/>\n<meta name=\"twitter:label1\" content=\"Est. reading time\" \/>\n\t<meta name=\"twitter:data1\" content=\"4 minute\" \/>\n<script type=\"application\/ld+json\" class=\"yoast-schema-graph\">{\"@context\":\"https:\/\/schema.org\",\"@graph\":[{\"@type\":\"WebPage\",\"@id\":\"https:\/\/alterus.org\/sl\/politika-zasebnosti\/\",\"url\":\"https:\/\/alterus.org\/sl\/politika-zasebnosti\/\",\"name\":\"Politika zasebnosti - Alterus\",\"isPartOf\":{\"@id\":\"https:\/\/alterus.org\/sl\/#website\"},\"datePublished\":\"2022-01-31T11:05:10+00:00\",\"dateModified\":\"2022-01-31T11:44:43+00:00\",\"breadcrumb\":{\"@id\":\"https:\/\/alterus.org\/sl\/politika-zasebnosti\/#breadcrumb\"},\"inLanguage\":\"sl-SI\",\"potentialAction\":[{\"@type\":\"ReadAction\",\"target\":[\"https:\/\/alterus.org\/sl\/politika-zasebnosti\/\"]}]},{\"@type\":\"BreadcrumbList\",\"@id\":\"https:\/\/alterus.org\/sl\/politika-zasebnosti\/#breadcrumb\",\"itemListElement\":[{\"@type\":\"ListItem\",\"position\":1,\"name\":\"Home\",\"item\":\"https:\/\/alterus.org\/sl\/\"},{\"@type\":\"ListItem\",\"position\":2,\"name\":\"Politika zasebnosti\"}]},{\"@type\":\"WebSite\",\"@id\":\"https:\/\/alterus.org\/sl\/#website\",\"url\":\"https:\/\/alterus.org\/sl\/\",\"name\":\"Alterus\",\"description\":\"Napreden orgelski krmilnik\",\"publisher\":{\"@id\":\"https:\/\/alterus.org\/sl\/#organization\"},\"potentialAction\":[{\"@type\":\"SearchAction\",\"target\":{\"@type\":\"EntryPoint\",\"urlTemplate\":\"https:\/\/alterus.org\/sl\/?s={search_term_string}\"},\"query-input\":{\"@type\":\"PropertyValueSpecification\",\"valueRequired\":true,\"valueName\":\"search_term_string\"}}],\"inLanguage\":\"sl-SI\"},{\"@type\":\"Organization\",\"@id\":\"https:\/\/alterus.org\/sl\/#organization\",\"name\":\"Iksor d.o.o.\",\"url\":\"https:\/\/alterus.org\/sl\/\",\"logo\":{\"@type\":\"ImageObject\",\"inLanguage\":\"sl-SI\",\"@id\":\"https:\/\/alterus.org\/sl\/#\/schema\/logo\/image\/\",\"url\":\"https:\/\/alterus.org\/wp-content\/uploads\/2022\/04\/iksor-Logo-c-400x95-1.png\",\"contentUrl\":\"https:\/\/alterus.org\/wp-content\/uploads\/2022\/04\/iksor-Logo-c-400x95-1.png\",\"width\":400,\"height\":95,\"caption\":\"Iksor d.o.o.\"},\"image\":{\"@id\":\"https:\/\/alterus.org\/sl\/#\/schema\/logo\/image\/\"}}]}<\/script>\n<!-- \/ Yoast SEO plugin. -->","yoast_head_json":{"title":"Politika zasebnosti - Alterus","robots":{"index":"index","follow":"follow","max-snippet":"max-snippet:-1","max-image-preview":"max-image-preview:large","max-video-preview":"max-video-preview:-1"},"canonical":"https:\/\/alterus.org\/sl\/politika-zasebnosti\/","og_locale":"sl_SI","og_type":"article","og_title":"Politika zasebnosti - Alterus","og_url":"https:\/\/alterus.org\/sl\/politika-zasebnosti\/","og_site_name":"Alterus","article_modified_time":"2022-01-31T11:44:43+00:00","twitter_card":"summary_large_image","twitter_misc":{"Est. reading time":"4 minute"},"schema":{"@context":"https:\/\/schema.org","@graph":[{"@type":"WebPage","@id":"https:\/\/alterus.org\/sl\/politika-zasebnosti\/","url":"https:\/\/alterus.org\/sl\/politika-zasebnosti\/","name":"Politika zasebnosti - Alterus","isPartOf":{"@id":"https:\/\/alterus.org\/sl\/#website"},"datePublished":"2022-01-31T11:05:10+00:00","dateModified":"2022-01-31T11:44:43+00:00","breadcrumb":{"@id":"https:\/\/alterus.org\/sl\/politika-zasebnosti\/#breadcrumb"},"inLanguage":"sl-SI","potentialAction":[{"@type":"ReadAction","target":["https:\/\/alterus.org\/sl\/politika-zasebnosti\/"]}]},{"@type":"BreadcrumbList","@id":"https:\/\/alterus.org\/sl\/politika-zasebnosti\/#breadcrumb","itemListElement":[{"@type":"ListItem","position":1,"name":"Home","item":"https:\/\/alterus.org\/sl\/"},{"@type":"ListItem","position":2,"name":"Politika zasebnosti"}]},{"@type":"WebSite","@id":"https:\/\/alterus.org\/sl\/#website","url":"https:\/\/alterus.org\/sl\/","name":"Alterus","description":"Napreden orgelski krmilnik","publisher":{"@id":"https:\/\/alterus.org\/sl\/#organization"},"potentialAction":[{"@type":"SearchAction","target":{"@type":"EntryPoint","urlTemplate":"https:\/\/alterus.org\/sl\/?s={search_term_string}"},"query-input":{"@type":"PropertyValueSpecification","valueRequired":true,"valueName":"search_term_string"}}],"inLanguage":"sl-SI"},{"@type":"Organization","@id":"https:\/\/alterus.org\/sl\/#organization","name":"Iksor d.o.o.","url":"https:\/\/alterus.org\/sl\/","logo":{"@type":"ImageObject","inLanguage":"sl-SI","@id":"https:\/\/alterus.org\/sl\/#\/schema\/logo\/image\/","url":"https:\/\/alterus.org\/wp-content\/uploads\/2022\/04\/iksor-Logo-c-400x95-1.png","contentUrl":"https:\/\/alterus.org\/wp-content\/uploads\/2022\/04\/iksor-Logo-c-400x95-1.png","width":400,"height":95,"caption":"Iksor d.o.o."},"image":{"@id":"https:\/\/alterus.org\/sl\/#\/schema\/logo\/image\/"}}]}},"_links":{"self":[{"href":"https:\/\/alterus.org\/sl\/wp-json\/wp\/v2\/pages\/1765","targetHints":{"allow":["GET"]}}],"collection":[{"href":"https:\/\/alterus.org\/sl\/wp-json\/wp\/v2\/pages"}],"about":[{"href":"https:\/\/alterus.org\/sl\/wp-json\/wp\/v2\/types\/page"}],"author":[{"embeddable":true,"href":"https:\/\/alterus.org\/sl\/wp-json\/wp\/v2\/users\/2"}],"replies":[{"embeddable":true,"href":"https:\/\/alterus.org\/sl\/wp-json\/wp\/v2\/comments?post=1765"}],"version-history":[{"count":7,"href":"https:\/\/alterus.org\/sl\/wp-json\/wp\/v2\/pages\/1765\/revisions"}],"predecessor-version":[{"id":1812,"href":"https:\/\/alterus.org\/sl\/wp-json\/wp\/v2\/pages\/1765\/revisions\/1812"}],"wp:attachment":[{"href":"https:\/\/alterus.org\/sl\/wp-json\/wp\/v2\/media?parent=1765"}],"curies":[{"name":"wp","href":"https:\/\/api.w.org\/{rel}","templated":true}]}}